{"id":4963,"date":"2020-04-20T15:39:47","date_gmt":"2020-04-20T13:39:47","guid":{"rendered":"https:\/\/rzsre.com\/?page_id=4963"},"modified":"2020-04-20T15:39:57","modified_gmt":"2020-04-20T13:39:57","slug":"investors-area","status":"publish","type":"page","link":"http:\/\/rzsre.com\/en\/investors-area\/","title":{"rendered":"Investors Area"},"content":{"rendered":"","protected":false},"excerpt":{"rendered":"","protected":false},"author":1,"featured_media":0,"parent":0,"menu_order":0,"comment_status":"closed","ping_status":"closed","template":"","meta":{"footnotes":""},"yoast_head":"<!-- This site is optimized with the Yoast SEO plugin v23.5 - https:\/\/yoast.com\/wordpress\/plugins\/seo\/ -->\n<title>Investors Area - RZS<\/title>\n<meta name=\"description\" content=\"RZS es una promotora espa\u00f1ola especializada en desarrollos inmobiliarios, inversi\u00f3n y gesti\u00f3n de activos.\" \/>\n<meta name=\"robots\" content=\"index, follow, max-snippet:-1, max-image-preview:large, max-video-preview:-1\" \/>\n<link rel=\"canonical\" href=\"http:\/\/rzsre.com\/en\/investors-area\/\" \/>\n<meta property=\"og:locale\" content=\"en_US\" \/>\n<meta property=\"og:type\" content=\"article\" \/>\n<meta property=\"og:title\" content=\"Investors Area - RZS\" \/>\n<meta property=\"og:description\" content=\"RZS es una promotora espa\u00f1ola especializada en desarrollos inmobiliarios, inversi\u00f3n y gesti\u00f3n de activos.\" \/>\n<meta property=\"og:url\" content=\"http:\/\/rzsre.com\/en\/investors-area\/\" \/>\n<meta property=\"og:site_name\" content=\"RZS\" \/>\n<meta property=\"article:modified_time\" content=\"2020-04-20T13:39:57+00:00\" \/>\n<meta name=\"twitter:card\" content=\"summary_large_image\" \/>\n<script type=\"application\/ld+json\" class=\"yoast-schema-graph\">{\"@context\":\"https:\/\/schema.org\",\"@graph\":[{\"@type\":\"WebPage\",\"@id\":\"http:\/\/rzsre.com\/en\/investors-area\/\",\"url\":\"http:\/\/rzsre.com\/en\/investors-area\/\",\"name\":\"Investors Area - RZS\",\"isPartOf\":{\"@id\":\"http:\/\/rzsre.com\/#website\"},\"datePublished\":\"2020-04-20T13:39:47+00:00\",\"dateModified\":\"2020-04-20T13:39:57+00:00\",\"description\":\"RZS es una promotora espa\u00f1ola especializada en desarrollos inmobiliarios, inversi\u00f3n y gesti\u00f3n de activos.\",\"breadcrumb\":{\"@id\":\"http:\/\/rzsre.com\/en\/investors-area\/#breadcrumb\"},\"inLanguage\":\"en-US\",\"potentialAction\":[{\"@type\":\"ReadAction\",\"target\":[\"http:\/\/rzsre.com\/en\/investors-area\/\"]}]},{\"@type\":\"BreadcrumbList\",\"@id\":\"http:\/\/rzsre.com\/en\/investors-area\/#breadcrumb\",\"itemListElement\":[{\"@type\":\"ListItem\",\"position\":1,\"name\":\"RZS Inicio\",\"item\":\"https:\/\/rzsre.com\/en\/\"},{\"@type\":\"ListItem\",\"position\":2,\"name\":\"Investors Area\"}]},{\"@type\":\"WebSite\",\"@id\":\"http:\/\/rzsre.com\/#website\",\"url\":\"http:\/\/rzsre.com\/\",\"name\":\"RZS\",\"description\":\"Real Estate\",\"publisher\":{\"@id\":\"http:\/\/rzsre.com\/#organization\"},\"potentialAction\":[{\"@type\":\"SearchAction\",\"target\":{\"@type\":\"EntryPoint\",\"urlTemplate\":\"http:\/\/rzsre.com\/?s={search_term_string}\"},\"query-input\":{\"@type\":\"PropertyValueSpecification\",\"valueRequired\":true,\"valueName\":\"search_term_string\"}}],\"inLanguage\":\"en-US\"},{\"@type\":\"Organization\",\"@id\":\"http:\/\/rzsre.com\/#organization\",\"name\":\"RZS Real State\",\"url\":\"http:\/\/rzsre.com\/\",\"logo\":{\"@type\":\"ImageObject\",\"inLanguage\":\"en-US\",\"@id\":\"http:\/\/rzsre.com\/#\/schema\/logo\/image\/\",\"url\":\"https:\/\/rzsre.com\/wp-content\/uploads\/2019\/07\/favicon-rozas.png\",\"contentUrl\":\"https:\/\/rzsre.com\/wp-content\/uploads\/2019\/07\/favicon-rozas.png\",\"width\":512,\"height\":512,\"caption\":\"RZS Real State\"},\"image\":{\"@id\":\"http:\/\/rzsre.com\/#\/schema\/logo\/image\/\"}}]}<\/script>\n<!-- \/ Yoast SEO plugin. -->","yoast_head_json":{"title":"Investors Area - RZS","description":"RZS es una promotora espa\u00f1ola especializada en desarrollos inmobiliarios, inversi\u00f3n y gesti\u00f3n de activos.","robots":{"index":"index","follow":"follow","max-snippet":"max-snippet:-1","max-image-preview":"max-image-preview:large","max-video-preview":"max-video-preview:-1"},"canonical":"http:\/\/rzsre.com\/en\/investors-area\/","og_locale":"en_US","og_type":"article","og_title":"Investors Area - RZS","og_description":"RZS es una promotora espa\u00f1ola especializada en desarrollos inmobiliarios, inversi\u00f3n y gesti\u00f3n de activos.","og_url":"http:\/\/rzsre.com\/en\/investors-area\/","og_site_name":"RZS","article_modified_time":"2020-04-20T13:39:57+00:00","twitter_card":"summary_large_image","schema":{"@context":"https:\/\/schema.org","@graph":[{"@type":"WebPage","@id":"http:\/\/rzsre.com\/en\/investors-area\/","url":"http:\/\/rzsre.com\/en\/investors-area\/","name":"Investors Area - RZS","isPartOf":{"@id":"http:\/\/rzsre.com\/#website"},"datePublished":"2020-04-20T13:39:47+00:00","dateModified":"2020-04-20T13:39:57+00:00","description":"RZS es una promotora espa\u00f1ola especializada en desarrollos inmobiliarios, inversi\u00f3n y gesti\u00f3n de activos.","breadcrumb":{"@id":"http:\/\/rzsre.com\/en\/investors-area\/#breadcrumb"},"inLanguage":"en-US","potentialAction":[{"@type":"ReadAction","target":["http:\/\/rzsre.com\/en\/investors-area\/"]}]},{"@type":"BreadcrumbList","@id":"http:\/\/rzsre.com\/en\/investors-area\/#breadcrumb","itemListElement":[{"@type":"ListItem","position":1,"name":"RZS Inicio","item":"https:\/\/rzsre.com\/en\/"},{"@type":"ListItem","position":2,"name":"Investors Area"}]},{"@type":"WebSite","@id":"http:\/\/rzsre.com\/#website","url":"http:\/\/rzsre.com\/","name":"RZS","description":"Real Estate","publisher":{"@id":"http:\/\/rzsre.com\/#organization"},"potentialAction":[{"@type":"SearchAction","target":{"@type":"EntryPoint","urlTemplate":"http:\/\/rzsre.com\/?s={search_term_string}"},"query-input":{"@type":"PropertyValueSpecification","valueRequired":true,"valueName":"search_term_string"}}],"inLanguage":"en-US"},{"@type":"Organization","@id":"http:\/\/rzsre.com\/#organization","name":"RZS Real State","url":"http:\/\/rzsre.com\/","logo":{"@type":"ImageObject","inLanguage":"en-US","@id":"http:\/\/rzsre.com\/#\/schema\/logo\/image\/","url":"https:\/\/rzsre.com\/wp-content\/uploads\/2019\/07\/favicon-rozas.png","contentUrl":"https:\/\/rzsre.com\/wp-content\/uploads\/2019\/07\/favicon-rozas.png","width":512,"height":512,"caption":"RZS Real State"},"image":{"@id":"http:\/\/rzsre.com\/#\/schema\/logo\/image\/"}}]}},"_links":{"self":[{"href":"http:\/\/rzsre.com\/en\/wp-json\/wp\/v2\/pages\/4963"}],"collection":[{"href":"http:\/\/rzsre.com\/en\/wp-json\/wp\/v2\/pages"}],"about":[{"href":"http:\/\/rzsre.com\/en\/wp-json\/wp\/v2\/types\/page"}],"author":[{"embeddable":true,"href":"http:\/\/rzsre.com\/en\/wp-json\/wp\/v2\/users\/1"}],"replies":[{"embeddable":true,"href":"http:\/\/rzsre.com\/en\/wp-json\/wp\/v2\/comments?post=4963"}],"version-history":[{"count":1,"href":"http:\/\/rzsre.com\/en\/wp-json\/wp\/v2\/pages\/4963\/revisions"}],"predecessor-version":[{"id":4964,"href":"http:\/\/rzsre.com\/en\/wp-json\/wp\/v2\/pages\/4963\/revisions\/4964"}],"wp:attachment":[{"href":"http:\/\/rzsre.com\/en\/wp-json\/wp\/v2\/media?parent=4963"}],"curies":[{"name":"wp","href":"https:\/\/api.w.org\/{rel}","templated":true}]}}