{"id":4013,"date":"2019-07-26T13:40:05","date_gmt":"2019-07-26T11:40:05","guid":{"rendered":"https:\/\/rzsre.com\/politica-de-privacidad\/"},"modified":"2019-10-28T16:22:44","modified_gmt":"2019-10-28T15:22:44","slug":"legal-information","status":"publish","type":"page","link":"https:\/\/rzsre.com\/en\/legal-information\/","title":{"rendered":"Legal Information"},"content":{"rendered":"[vc_row type=&#8221;in_container&#8221; full_screen_row_position=&#8221;middle&#8221; scene_position=&#8221;center&#8221; text_color=&#8221;dark&#8221; text_align=&#8221;left&#8221; id=&#8221;politica-privacidad&#8221; overlay_strength=&#8221;0.3&#8243; shape_divider_position=&#8221;bottom&#8221; bg_image_animation=&#8221;none&#8221; shape_type=&#8221;&#8221;][vc_column column_padding=&#8221;no-extra-padding&#8221; column_padding_position=&#8221;all&#8221; background_color_opacity=&#8221;1&#8243; background_hover_color_opacity=&#8221;1&#8243; column_link_target=&#8221;_self&#8221; column_shadow=&#8221;none&#8221; column_border_radius=&#8221;none&#8221; width=&#8221;1\/4&#8243; tablet_width_inherit=&#8221;default&#8221; tablet_text_alignment=&#8221;default&#8221; phone_text_alignment=&#8221;default&#8221; column_border_width=&#8221;none&#8221; column_border_style=&#8221;solid&#8221; bg_image_animation=&#8221;none&#8221;][divider line_type=&#8221;No Line&#8221; custom_height=&#8221;100&#8243;][vc_column_text]\n<h3><span style=\"color: #000000;\">Legal<\/span><\/h3>\n<h4><span style=\"color: #000000;\"><a style=\"color: #000000;\" href=\"#politica-privacidad\">Privacy Policy<\/a><\/span><br \/>\n<span style=\"color: #000000;\"><a style=\"color: #000000;\" href=\"#politica-cookies\">Cookie Policy<\/a><\/span><br \/>\n<span style=\"color: #000000;\"><a style=\"color: #000000;\" href=\"#terminos-uso\">Terms of use<\/a><\/span><br \/>\n<span style=\"color: #000000;\"><a style=\"color: #000000;\" href=\"#copyright\">Intellectual and industrial property rights<\/a><\/span><\/h4>\n[\/vc_column_text][\/vc_column][vc_column column_padding=&#8221;no-extra-padding&#8221; column_padding_position=&#8221;all&#8221; background_color_opacity=&#8221;1&#8243; background_hover_color_opacity=&#8221;1&#8243; column_link_target=&#8221;_self&#8221; column_shadow=&#8221;none&#8221; column_border_radius=&#8221;none&#8221; width=&#8221;3\/4&#8243; tablet_width_inherit=&#8221;default&#8221; tablet_text_alignment=&#8221;default&#8221; phone_text_alignment=&#8221;default&#8221; column_border_width=&#8221;none&#8221; column_border_style=&#8221;solid&#8221; bg_image_animation=&#8221;none&#8221;][divider line_type=&#8221;No Line&#8221; custom_height=&#8221;100&#8243;][vc_column_text]\n<h3>Privacy policy<\/h3>\n<h4><strong>Last modification: May 1, 2018<\/strong><\/h4>\n<p>VNCM, S.L. protects the personal data as established in Regulation (EU) 2016\/679 of the Parliament and of the Council, of 27 of April of 2016, relative to the protection of the natural persons with regard to the treatment of personal data and to the free circulation of these in order to respect the freedom and fundamental rights of the persons who belong to that data.<\/p>\n<p>Your data will be treated with the utmost confidentiality to manage our business relationship. The data will be retained until a deletion is requested from the following address info@rzsre.com, or it is established by a legal provision. You may file a claim with the competent control authority (www.aepd.es) if you believe that the treatment does not conform to the current regulations.<br \/>\nVNCM, S.L. is entitled to treat your data because it is necessary to provide the requested service or by the consent given to us in the different contact forms of the web.<\/p>\n<p>The data will not be transferred to third parties except in cases where there is a legal obligation.<br \/>\nTo exercise the rights of access, rectification, deletion and portability of your data, and the limitation or opposition to your treatment, must be directed in writing to info@rzsre.com.<\/p>\n<p>Users, by marking the corresponding boxes and entering data in the fields, marked with an asterisk (*) in the contact form or presented in download forms, expressly accept and freely and unequivocally, that their data are necessary to attend to your request, by the lender, being voluntary the inclusion of data in the remaining fields. The user guarantees that the personal data provided is truthful and is responsible for communicating any modification thereof.<\/p>\n<p>VNCM, S.L. expressly informs and guarantees to the users that their personal data will not be transferred in any case to third parties, and that whenever it made any type of transfer of personal data, it will be requested previously the express consent, informed and Unambiguous on the part of the users. All the data requested through the website are obligatory, as they are necessary for the provision of an optimal service to the user. If all data is not provided, the information and services provided are not guaranteed to be fully adjusted to your needs.<\/p>\n<p>VNCM, S.L. complies with all the regulations for the treatment of personal data of its responsibility, and with the principles described in article 5 of the GDPR, by which are treated in a lawful, loyal and transparent way in Relationship with the person concerned and appropriate, relevant and limited to what is necessary in relation to the purposes for which they are treated.<\/p>\n<p>VNCM, S.L. guarantees that it has implemented appropriate technical and organizational policies to implement the security measures established by the GDPR in order to protect the rights and freedoms of users and has communicated to them the appropriate information so that can exercise them.<\/p>\n<p>Address: Avenida P\u00e9rez Gald\u00f3s 13, 46007 Valencia, Spain.<br \/>\nE-mail: info@rzsre.com[\/vc_column_text][\/vc_column][\/vc_row][vc_row type=&#8221;in_container&#8221; full_screen_row_position=&#8221;middle&#8221; scene_position=&#8221;center&#8221; text_color=&#8221;dark&#8221; text_align=&#8221;left&#8221; id=&#8221;politica-cookies&#8221; overlay_strength=&#8221;0.3&#8243; shape_divider_position=&#8221;bottom&#8221; bg_image_animation=&#8221;none&#8221;][vc_column column_padding=&#8221;no-extra-padding&#8221; column_padding_position=&#8221;all&#8221; background_color_opacity=&#8221;1&#8243; background_hover_color_opacity=&#8221;1&#8243; column_link_target=&#8221;_self&#8221; column_shadow=&#8221;none&#8221; column_border_radius=&#8221;none&#8221; width=&#8221;1\/4&#8243; tablet_width_inherit=&#8221;default&#8221; tablet_text_alignment=&#8221;default&#8221; phone_text_alignment=&#8221;default&#8221; column_border_width=&#8221;none&#8221; column_border_style=&#8221;solid&#8221; bg_image_animation=&#8221;none&#8221;][\/vc_column][vc_column column_padding=&#8221;no-extra-padding&#8221; column_padding_position=&#8221;all&#8221; background_color_opacity=&#8221;1&#8243; background_hover_color_opacity=&#8221;1&#8243; column_link_target=&#8221;_self&#8221; column_shadow=&#8221;none&#8221; column_border_radius=&#8221;none&#8221; width=&#8221;3\/4&#8243; tablet_width_inherit=&#8221;default&#8221; tablet_text_alignment=&#8221;default&#8221; phone_text_alignment=&#8221;default&#8221; column_border_width=&#8221;none&#8221; column_border_style=&#8221;solid&#8221; bg_image_animation=&#8221;none&#8221;][divider line_type=&#8221;No Line&#8221; custom_height=&#8221;100&#8243;][vc_column_text]\n<h3>Cookie policy<\/h3>\n<p><strong>Last modification: May 1, 2018<\/strong><\/p>\n<p>This website uses cookies of its own and of third parties to collect information about visits to and use of our website, and also to display advertising that may be of interest to users. When browsing or using our services, the user accepts the use we make of cookies. However, the user does have the option of preventing thegeneration of cookies and eliminating the same by selecting the corresponding option in their browser. If a browser has blocked the use of cookies, some of the services and functionalities of the website will not be available.<\/p>\n<p><strong>What is a cookie?<\/strong><\/p>\n<p>A cookie is a small fragment of text that websites send to the browser and that are stored in the user\u2019s device, such as their personal computer, mobile telephone, tablet, etc. These files are used by the website to remember information about the visit, such as language preferences and other options, while helps to set things up for their next visit and make the website more useful by personalizing its content. Cookies play a very important role improving the experience of using the website<\/p>\n<p><strong>What do we use cookies for?<\/strong><\/p>\n<p>We use cookies to compile anonymous, agree gated statistics that allow us to understand how people use our site and to help us improve it\u2019s structure and content. We cannot identify you personally from this information. Should you not wish to receive cookies, please configure your Internet browser to erase them from the hard drive of your computer, to block them or warn you if installed. To continue without changing the configuration of the cookies simply continue on the website.<\/p>\n<p><strong>Our use of cookies<\/strong><\/p>\n<p>Performance Analytics: Provide anonymous \/ aggregated information on user behavior at VNCM, S.L.<\/p>\n<p><strong>Neccesary<\/strong><\/p>\n<p>These cookies are essential for VNCM, S.L. to work properly, allow you to navigate our pages and use our tools. For example, remembering previous actions (the customization of your invitation) when you navigate back to a page in the same session.<\/p>\n<p><strong>Preferences<\/strong><\/p>\n<p>These cookies allow our website to remember information that changes the way the site behaves or looks,such as your preferred language. They can also allow users to share pages or favorites and provide access to social media.<br \/>\nLoss of the information stored in a preference cookie may make the website experience less functional but should not prevent it from working.<\/p>\n<p><strong>Performance<\/strong><\/p>\n<p>These cookies help us understand how visitors interact with our page providing us information about the areas visited, time spent on page, and any incidents encountered, such as error messages. This helps us to improve the functioning of our website. These cookies do not identify you as an individual. All information is collected and compiled anonymously.<\/p>\n<p><strong>Security<\/strong><\/p>\n<p>We use security cookies to authenticate users, prevent fraudulent use of login credentials, and protect user data from unauthorized parties.You can allow, block or delete cookies stored on your computer by setting your browser options.<br \/>\nThe user has the option of allowing, blocking or deleting cookies installed in their system by changing the options settings on the browser installed in their device. For more information about cookies visit www.aboutcookies.org.[\/vc_column_text][\/vc_column][\/vc_row][vc_row type=&#8221;in_container&#8221; full_screen_row_position=&#8221;middle&#8221; scene_position=&#8221;center&#8221; text_color=&#8221;dark&#8221; text_align=&#8221;left&#8221; id=&#8221;terminos-uso&#8221; overlay_strength=&#8221;0.3&#8243; shape_divider_position=&#8221;bottom&#8221; bg_image_animation=&#8221;none&#8221;][vc_column column_padding=&#8221;no-extra-padding&#8221; column_padding_position=&#8221;all&#8221; background_color_opacity=&#8221;1&#8243; background_hover_color_opacity=&#8221;1&#8243; column_link_target=&#8221;_self&#8221; column_shadow=&#8221;none&#8221; column_border_radius=&#8221;none&#8221; width=&#8221;1\/4&#8243; tablet_width_inherit=&#8221;default&#8221; tablet_text_alignment=&#8221;default&#8221; phone_text_alignment=&#8221;default&#8221; column_border_width=&#8221;none&#8221; column_border_style=&#8221;solid&#8221; bg_image_animation=&#8221;none&#8221;][\/vc_column][vc_column column_padding=&#8221;no-extra-padding&#8221; column_padding_position=&#8221;all&#8221; background_color_opacity=&#8221;1&#8243; background_hover_color_opacity=&#8221;1&#8243; column_link_target=&#8221;_self&#8221; column_shadow=&#8221;none&#8221; column_border_radius=&#8221;none&#8221; width=&#8221;3\/4&#8243; tablet_width_inherit=&#8221;default&#8221; tablet_text_alignment=&#8221;default&#8221; phone_text_alignment=&#8221;default&#8221; column_border_width=&#8221;none&#8221; column_border_style=&#8221;solid&#8221; bg_image_animation=&#8221;none&#8221;][divider line_type=&#8221;No Line&#8221; custom_height=&#8221;100&#8243;][vc_column_text]\n<h3>Terms of use<\/h3>\n<p>Any person who accesses this website assumes the role of user, undertaking compliance and compliance with rigorous here arranged, as well as any other legal provision that outside application.<\/p>\n<p>VNCM, S.L. appear on the Web site, without any forewarning or users to such obligations, meaning enough with the publication in your Web site.<\/p>\n<p>You fully and unreservedly agree the provisions contained in this Legal notice, in the version published by VNCM, S.L. at the same moment that the user accesses the Web site.<\/p>\n<p>The Web site can be visited freely and the user undertakes to use the contents and services in accordance with the law, morality, good manners and this Legal Notice. To this end, the user will not use the website for purposes or effects that are illicit, prohibited and harmful of rights and interests of third parties.<\/p>\n<p>VNCM, S.L. is not responsible for any errors or omissions, the contents of the Web site or other content which may be accessed through it, or for damages arising from the use of the Web site, or for any action taken on the basis the information provided therein.<br \/>\nVNCM, S.L. nor guarantee the absence of viruses or other harmful elements that may cause damage or alterations in the computer system, electronic documents or files of the users of the Web site or answers for damages that such elements may cause to users or third parties.<\/p>\n<p>The website is informative, so its contents can be modified, extended or deleted at any time, without prior notice.<br \/>\nVNCM, S.L. reserves the right to update the contents of the Web site and\/or remove them, as well as limit and prevent access to them, whether temporarily or permanently, without notice.[\/vc_column_text][\/vc_column][\/vc_row][vc_row type=&#8221;in_container&#8221; full_screen_row_position=&#8221;middle&#8221; scene_position=&#8221;center&#8221; text_color=&#8221;dark&#8221; text_align=&#8221;left&#8221; id=&#8221;copyright&#8221; overlay_strength=&#8221;0.3&#8243; shape_divider_position=&#8221;bottom&#8221; bg_image_animation=&#8221;none&#8221;][vc_column column_padding=&#8221;no-extra-padding&#8221; column_padding_position=&#8221;all&#8221; background_color_opacity=&#8221;1&#8243; background_hover_color_opacity=&#8221;1&#8243; column_link_target=&#8221;_self&#8221; column_shadow=&#8221;none&#8221; column_border_radius=&#8221;none&#8221; width=&#8221;1\/4&#8243; tablet_width_inherit=&#8221;default&#8221; tablet_text_alignment=&#8221;default&#8221; phone_text_alignment=&#8221;default&#8221; column_border_width=&#8221;none&#8221; column_border_style=&#8221;solid&#8221; bg_image_animation=&#8221;none&#8221;][\/vc_column][vc_column column_padding=&#8221;no-extra-padding&#8221; column_padding_position=&#8221;all&#8221; background_color_opacity=&#8221;1&#8243; background_hover_color_opacity=&#8221;1&#8243; column_link_target=&#8221;_self&#8221; column_shadow=&#8221;none&#8221; column_border_radius=&#8221;none&#8221; width=&#8221;3\/4&#8243; tablet_width_inherit=&#8221;default&#8221; tablet_text_alignment=&#8221;default&#8221; phone_text_alignment=&#8221;default&#8221; column_border_width=&#8221;none&#8221; column_border_style=&#8221;solid&#8221; bg_image_animation=&#8221;none&#8221;][divider line_type=&#8221;No Line&#8221; custom_height=&#8221;100&#8243;][vc_column_text]\n<h3>Intellectual and industrial property rights<\/h3>\n<p>All rights of intellectual property of the Web site and all its contents (texts, images, designs, creativities, software, code source, fragment of audio, computer programs, digital downloads, data bases, names, trade, marks, logos, or any other distinctive sign, etc.) that are or have formed part of it at some point, are protected by law and belong to VNCM, S.L.<\/p>\n<p>In no event shall mean that access to and use of the Web site implies the renunciation, transmission, license, transfer, totally or partially, or authorization of any kind, for the exploitation, reproduction, public communication, broadcasting, dissemination and\/or transformation or the website, its contents, understood the scale indicated in the previous point, nor the intellectual and\/or industrial property rights inherent thereto.[\/vc_column_text][divider line_type=&#8221;No Line&#8221; custom_height=&#8221;100&#8243;][\/vc_column][\/vc_row]\n","protected":false},"excerpt":{"rendered":"<p>[vc_row type=&#8221;in_container&#8221; full_screen_row_position=&#8221;middle&#8221; scene_position=&#8221;center&#8221; text_color=&#8221;dark&#8221; text_align=&#8221;left&#8221; id=&#8221;politica-privacidad&#8221; overlay_strength=&#8221;0.3&#8243; shape_divider_position=&#8221;bottom&#8221; bg_image_animation=&#8221;none&#8221; shape_type=&#8221;&#8221;][vc_column column_padding=&#8221;no-extra-padding&#8221; column_padding_position=&#8221;all&#8221; background_color_opacity=&#8221;1&#8243; background_hover_color_opacity=&#8221;1&#8243; column_link_target=&#8221;_self&#8221; column_shadow=&#8221;none&#8221; column_border_radius=&#8221;none&#8221; width=&#8221;1\/4&#8243; tablet_width_inherit=&#8221;default&#8221; tablet_text_alignment=&#8221;default&#8221; phone_text_alignment=&#8221;default&#8221; column_border_width=&#8221;none&#8221; column_border_style=&#8221;solid&#8221; bg_image_animation=&#8221;none&#8221;][divider line_type=&#8221;No Line&#8221; custom_height=&#8221;100&#8243;][vc_column_text] Legal Privacy Policy Cookie Policy Terms of use Intellectual and industrial property rights [\/vc_column_text][\/vc_column][vc_column column_padding=&#8221;no-extra-padding&#8221; column_padding_position=&#8221;all&#8221; background_color_opacity=&#8221;1&#8243; background_hover_color_opacity=&#8221;1&#8243; column_link_target=&#8221;_self&#8221; column_shadow=&#8221;none&#8221; column_border_radius=&#8221;none&#8221; width=&#8221;3\/4&#8243; tablet_width_inherit=&#8221;default&#8221; tablet_text_alignment=&#8221;default&#8221; phone_text_alignment=&#8221;default&#8221; column_border_width=&#8221;none&#8221; column_border_style=&#8221;solid&#8221; bg_image_animation=&#8221;none&#8221;][divider line_type=&#8221;No Line&#8221; custom_height=&#8221;100&#8243;][vc_column_text] Privacy&#8230;<\/p>\n","protected":false},"author":1,"featured_media":0,"parent":0,"menu_order":0,"comment_status":"closed","ping_status":"closed","template":"","meta":{"footnotes":""},"yoast_head":"<!-- This site is optimized with the Yoast SEO plugin v23.5 - https:\/\/yoast.com\/wordpress\/plugins\/seo\/ -->\n<title>Legal Information - RZS<\/title>\n<meta name=\"description\" content=\"RZS es una promotora espa\u00f1ola especializada en desarrollos inmobiliarios, inversi\u00f3n y gesti\u00f3n de activos.\" \/>\n<meta name=\"robots\" content=\"noindex, follow\" \/>\n<meta property=\"og:locale\" content=\"en_US\" \/>\n<meta property=\"og:type\" content=\"article\" \/>\n<meta property=\"og:title\" content=\"Legal Information - RZS\" \/>\n<meta property=\"og:description\" content=\"RZS es una promotora espa\u00f1ola especializada en desarrollos inmobiliarios, inversi\u00f3n y gesti\u00f3n de activos.\" \/>\n<meta property=\"og:url\" content=\"https:\/\/rzsre.com\/en\/legal-information\/\" \/>\n<meta property=\"og:site_name\" content=\"RZS\" \/>\n<meta property=\"article:modified_time\" content=\"2019-10-28T15:22:44+00:00\" \/>\n<meta name=\"twitter:card\" content=\"summary_large_image\" \/>\n<meta name=\"twitter:label1\" content=\"Est. reading time\" \/>\n\t<meta name=\"twitter:data1\" content=\"11 minutes\" \/>\n<script type=\"application\/ld+json\" class=\"yoast-schema-graph\">{\"@context\":\"https:\/\/schema.org\",\"@graph\":[{\"@type\":\"WebPage\",\"@id\":\"https:\/\/rzsre.com\/en\/legal-information\/\",\"url\":\"https:\/\/rzsre.com\/en\/legal-information\/\",\"name\":\"Legal Information - RZS\",\"isPartOf\":{\"@id\":\"https:\/\/rzsre.com\/#website\"},\"datePublished\":\"2019-07-26T11:40:05+00:00\",\"dateModified\":\"2019-10-28T15:22:44+00:00\",\"description\":\"RZS es una promotora espa\u00f1ola especializada en desarrollos inmobiliarios, inversi\u00f3n y gesti\u00f3n de activos.\",\"breadcrumb\":{\"@id\":\"https:\/\/rzsre.com\/en\/legal-information\/#breadcrumb\"},\"inLanguage\":\"en-US\",\"potentialAction\":[{\"@type\":\"ReadAction\",\"target\":[\"https:\/\/rzsre.com\/en\/legal-information\/\"]}]},{\"@type\":\"BreadcrumbList\",\"@id\":\"https:\/\/rzsre.com\/en\/legal-information\/#breadcrumb\",\"itemListElement\":[{\"@type\":\"ListItem\",\"position\":1,\"name\":\"RZS Inicio\",\"item\":\"https:\/\/rzsre.com\/en\/\"},{\"@type\":\"ListItem\",\"position\":2,\"name\":\"Legal Information\"}]},{\"@type\":\"WebSite\",\"@id\":\"https:\/\/rzsre.com\/#website\",\"url\":\"https:\/\/rzsre.com\/\",\"name\":\"RZS\",\"description\":\"Real Estate\",\"publisher\":{\"@id\":\"https:\/\/rzsre.com\/#organization\"},\"potentialAction\":[{\"@type\":\"SearchAction\",\"target\":{\"@type\":\"EntryPoint\",\"urlTemplate\":\"https:\/\/rzsre.com\/?s={search_term_string}\"},\"query-input\":{\"@type\":\"PropertyValueSpecification\",\"valueRequired\":true,\"valueName\":\"search_term_string\"}}],\"inLanguage\":\"en-US\"},{\"@type\":\"Organization\",\"@id\":\"https:\/\/rzsre.com\/#organization\",\"name\":\"RZS Real State\",\"url\":\"https:\/\/rzsre.com\/\",\"logo\":{\"@type\":\"ImageObject\",\"inLanguage\":\"en-US\",\"@id\":\"https:\/\/rzsre.com\/#\/schema\/logo\/image\/\",\"url\":\"https:\/\/rzsre.com\/wp-content\/uploads\/2019\/07\/favicon-rozas.png\",\"contentUrl\":\"https:\/\/rzsre.com\/wp-content\/uploads\/2019\/07\/favicon-rozas.png\",\"width\":512,\"height\":512,\"caption\":\"RZS Real State\"},\"image\":{\"@id\":\"https:\/\/rzsre.com\/#\/schema\/logo\/image\/\"}}]}<\/script>\n<!-- \/ Yoast SEO plugin. -->","yoast_head_json":{"title":"Legal Information - RZS","description":"RZS es una promotora espa\u00f1ola especializada en desarrollos inmobiliarios, inversi\u00f3n y gesti\u00f3n de activos.","robots":{"index":"noindex","follow":"follow"},"og_locale":"en_US","og_type":"article","og_title":"Legal Information - RZS","og_description":"RZS es una promotora espa\u00f1ola especializada en desarrollos inmobiliarios, inversi\u00f3n y gesti\u00f3n de activos.","og_url":"https:\/\/rzsre.com\/en\/legal-information\/","og_site_name":"RZS","article_modified_time":"2019-10-28T15:22:44+00:00","twitter_card":"summary_large_image","twitter_misc":{"Est. reading time":"11 minutes"},"schema":{"@context":"https:\/\/schema.org","@graph":[{"@type":"WebPage","@id":"https:\/\/rzsre.com\/en\/legal-information\/","url":"https:\/\/rzsre.com\/en\/legal-information\/","name":"Legal Information - RZS","isPartOf":{"@id":"https:\/\/rzsre.com\/#website"},"datePublished":"2019-07-26T11:40:05+00:00","dateModified":"2019-10-28T15:22:44+00:00","description":"RZS es una promotora espa\u00f1ola especializada en desarrollos inmobiliarios, inversi\u00f3n y gesti\u00f3n de activos.","breadcrumb":{"@id":"https:\/\/rzsre.com\/en\/legal-information\/#breadcrumb"},"inLanguage":"en-US","potentialAction":[{"@type":"ReadAction","target":["https:\/\/rzsre.com\/en\/legal-information\/"]}]},{"@type":"BreadcrumbList","@id":"https:\/\/rzsre.com\/en\/legal-information\/#breadcrumb","itemListElement":[{"@type":"ListItem","position":1,"name":"RZS Inicio","item":"https:\/\/rzsre.com\/en\/"},{"@type":"ListItem","position":2,"name":"Legal Information"}]},{"@type":"WebSite","@id":"https:\/\/rzsre.com\/#website","url":"https:\/\/rzsre.com\/","name":"RZS","description":"Real Estate","publisher":{"@id":"https:\/\/rzsre.com\/#organization"},"potentialAction":[{"@type":"SearchAction","target":{"@type":"EntryPoint","urlTemplate":"https:\/\/rzsre.com\/?s={search_term_string}"},"query-input":{"@type":"PropertyValueSpecification","valueRequired":true,"valueName":"search_term_string"}}],"inLanguage":"en-US"},{"@type":"Organization","@id":"https:\/\/rzsre.com\/#organization","name":"RZS Real State","url":"https:\/\/rzsre.com\/","logo":{"@type":"ImageObject","inLanguage":"en-US","@id":"https:\/\/rzsre.com\/#\/schema\/logo\/image\/","url":"https:\/\/rzsre.com\/wp-content\/uploads\/2019\/07\/favicon-rozas.png","contentUrl":"https:\/\/rzsre.com\/wp-content\/uploads\/2019\/07\/favicon-rozas.png","width":512,"height":512,"caption":"RZS Real State"},"image":{"@id":"https:\/\/rzsre.com\/#\/schema\/logo\/image\/"}}]}},"_links":{"self":[{"href":"https:\/\/rzsre.com\/en\/wp-json\/wp\/v2\/pages\/4013"}],"collection":[{"href":"https:\/\/rzsre.com\/en\/wp-json\/wp\/v2\/pages"}],"about":[{"href":"https:\/\/rzsre.com\/en\/wp-json\/wp\/v2\/types\/page"}],"author":[{"embeddable":true,"href":"https:\/\/rzsre.com\/en\/wp-json\/wp\/v2\/users\/1"}],"replies":[{"embeddable":true,"href":"https:\/\/rzsre.com\/en\/wp-json\/wp\/v2\/comments?post=4013"}],"version-history":[{"count":13,"href":"https:\/\/rzsre.com\/en\/wp-json\/wp\/v2\/pages\/4013\/revisions"}],"predecessor-version":[{"id":4031,"href":"https:\/\/rzsre.com\/en\/wp-json\/wp\/v2\/pages\/4013\/revisions\/4031"}],"wp:attachment":[{"href":"https:\/\/rzsre.com\/en\/wp-json\/wp\/v2\/media?parent=4013"}],"curies":[{"name":"wp","href":"https:\/\/api.w.org\/{rel}","templated":true}]}}