{"id":5221,"date":"2020-05-01T14:35:38","date_gmt":"2020-05-01T12:35:38","guid":{"rendered":"https:\/\/rzsre.com\/?page_id=5221"},"modified":"2020-06-09T17:25:05","modified_gmt":"2020-06-09T15:25:05","slug":"private_area","status":"publish","type":"page","link":"https:\/\/rzsre.com\/en\/private_area\/","title":{"rendered":"private_area"},"content":{"rendered":"\t\t<div data-elementor-type=\"wp-page\" data-elementor-id=\"5221\" class=\"elementor elementor-5221 elementor-4975\" data-elementor-post-type=\"page\">\n\t\t\t\t\t\t\t\t\t<section class=\"elementor-section elementor-top-section elementor-element elementor-element-5496c71 elementor-section-height-full elementor-section-boxed elementor-section-height-default elementor-section-items-middle\" data-id=\"5496c71\" data-element_type=\"section\" data-settings=\"{&quot;background_background&quot;:&quot;classic&quot;}\">\n\t\t\t\t\t\t\t<div class=\"elementor-background-overlay\"><\/div>\n\t\t\t\t\t\t\t<div class=\"elementor-container elementor-column-gap-default\">\n\t\t\t\t\t<div class=\"elementor-column elementor-col-33 elementor-top-column elementor-element elementor-element-a147602 elementor-hidden-phone\" data-id=\"a147602\" data-element_type=\"column\">\n\t\t\t<div class=\"elementor-widget-wrap\">\n\t\t\t\t\t\t\t\t\t<\/div>\n\t\t<\/div>\n\t\t\t\t<div class=\"elementor-column elementor-col-33 elementor-top-column elementor-element elementor-element-8c699af\" data-id=\"8c699af\" data-element_type=\"column\">\n\t\t\t<div class=\"elementor-widget-wrap elementor-element-populated\">\n\t\t\t\t\t\t\t\t<div class=\"elementor-element elementor-element-625fc26 elementor-widget elementor-widget-image\" data-id=\"625fc26\" data-element_type=\"widget\" data-widget_type=\"image.default\">\n\t\t\t\t<div class=\"elementor-widget-container\">\n\t\t\t\t\t\t\t\t\t\t\t\t\t\t\t<img loading=\"lazy\" decoding=\"async\" width=\"500\" height=\"147\" src=\"https:\/\/rzsre.com\/wp-content\/uploads\/2019\/08\/rzs-logo.png\" class=\"attachment-large size-large wp-image-1988\" alt=\"\" srcset=\"https:\/\/rzsre.com\/wp-content\/uploads\/2019\/08\/rzs-logo.png 500w, https:\/\/rzsre.com\/wp-content\/uploads\/2019\/08\/rzs-logo-300x88.png 300w\" sizes=\"(max-width: 500px) 100vw, 500px\" \/>\t\t\t\t\t\t\t\t\t\t\t\t\t\t\t<\/div>\n\t\t\t\t<\/div>\n\t\t\t\t<div class=\"elementor-element elementor-element-aefaee2 elementor-widget elementor-widget-heading\" data-id=\"aefaee2\" data-element_type=\"widget\" data-widget_type=\"heading.default\">\n\t\t\t\t<div class=\"elementor-widget-container\">\n\t\t\t<h2 class=\"elementor-heading-title elementor-size-default\">Please sign in<\/h2>\t\t<\/div>\n\t\t\t\t<\/div>\n\t\t\t\t\t<\/div>\n\t\t<\/div>\n\t\t\t\t<div class=\"elementor-column elementor-col-33 elementor-top-column elementor-element elementor-element-86fa9d5\" data-id=\"86fa9d5\" data-element_type=\"column\">\n\t\t\t<div class=\"elementor-widget-wrap\">\n\t\t\t\t\t\t\t\t\t<\/div>\n\t\t<\/div>\n\t\t\t\t\t\t\t<\/div>\n\t\t<\/section>\n\t\t\t\t\t\t\t<\/div>\n\t\t","protected":false},"excerpt":{"rendered":"<p>Please sign in administrador-autorizado Logout<\/p>\n","protected":false},"author":1,"featured_media":0,"parent":0,"menu_order":0,"comment_status":"closed","ping_status":"closed","template":"elementor_canvas","meta":{"footnotes":""},"yoast_head":"<!-- This site is optimized with the Yoast SEO plugin v23.5 - https:\/\/yoast.com\/wordpress\/plugins\/seo\/ -->\n<title>private_area - RZS<\/title>\n<meta name=\"description\" content=\"RZS es una promotora espa\u00f1ola especializada en desarrollos inmobiliarios, inversi\u00f3n y gesti\u00f3n de activos.\" \/>\n<meta name=\"robots\" content=\"index, follow, max-snippet:-1, max-image-preview:large, max-video-preview:-1\" \/>\n<link rel=\"canonical\" href=\"https:\/\/rzsre.com\/en\/private_area\/\" \/>\n<meta property=\"og:locale\" content=\"en_US\" \/>\n<meta property=\"og:type\" content=\"article\" \/>\n<meta property=\"og:title\" content=\"private_area - RZS\" \/>\n<meta property=\"og:description\" content=\"RZS es una promotora espa\u00f1ola especializada en desarrollos inmobiliarios, inversi\u00f3n y gesti\u00f3n de activos.\" \/>\n<meta property=\"og:url\" content=\"https:\/\/rzsre.com\/en\/private_area\/\" \/>\n<meta property=\"og:site_name\" content=\"RZS\" \/>\n<meta property=\"article:modified_time\" content=\"2020-06-09T15:25:05+00:00\" \/>\n<meta property=\"og:image\" content=\"https:\/\/rzsre.com\/wp-content\/uploads\/2019\/08\/rzs-logo.png\" \/>\n<meta name=\"twitter:card\" content=\"summary_large_image\" \/>\n<script type=\"application\/ld+json\" class=\"yoast-schema-graph\">{\"@context\":\"https:\/\/schema.org\",\"@graph\":[{\"@type\":\"WebPage\",\"@id\":\"https:\/\/rzsre.com\/en\/private_area\/\",\"url\":\"https:\/\/rzsre.com\/en\/private_area\/\",\"name\":\"private_area - RZS\",\"isPartOf\":{\"@id\":\"https:\/\/rzsre.com\/#website\"},\"primaryImageOfPage\":{\"@id\":\"https:\/\/rzsre.com\/en\/private_area\/#primaryimage\"},\"image\":{\"@id\":\"https:\/\/rzsre.com\/en\/private_area\/#primaryimage\"},\"thumbnailUrl\":\"https:\/\/rzsre.com\/wp-content\/uploads\/2019\/08\/rzs-logo.png\",\"datePublished\":\"2020-05-01T12:35:38+00:00\",\"dateModified\":\"2020-06-09T15:25:05+00:00\",\"description\":\"RZS es una promotora espa\u00f1ola especializada en desarrollos inmobiliarios, inversi\u00f3n y gesti\u00f3n de activos.\",\"breadcrumb\":{\"@id\":\"https:\/\/rzsre.com\/en\/private_area\/#breadcrumb\"},\"inLanguage\":\"en-US\",\"potentialAction\":[{\"@type\":\"ReadAction\",\"target\":[\"https:\/\/rzsre.com\/en\/private_area\/\"]}]},{\"@type\":\"ImageObject\",\"inLanguage\":\"en-US\",\"@id\":\"https:\/\/rzsre.com\/en\/private_area\/#primaryimage\",\"url\":\"https:\/\/rzsre.com\/wp-content\/uploads\/2019\/08\/rzs-logo.png\",\"contentUrl\":\"https:\/\/rzsre.com\/wp-content\/uploads\/2019\/08\/rzs-logo.png\"},{\"@type\":\"BreadcrumbList\",\"@id\":\"https:\/\/rzsre.com\/en\/private_area\/#breadcrumb\",\"itemListElement\":[{\"@type\":\"ListItem\",\"position\":1,\"name\":\"RZS Inicio\",\"item\":\"https:\/\/rzsre.com\/en\/\"},{\"@type\":\"ListItem\",\"position\":2,\"name\":\"private_area\"}]},{\"@type\":\"WebSite\",\"@id\":\"https:\/\/rzsre.com\/#website\",\"url\":\"https:\/\/rzsre.com\/\",\"name\":\"RZS\",\"description\":\"Real Estate\",\"publisher\":{\"@id\":\"https:\/\/rzsre.com\/#organization\"},\"potentialAction\":[{\"@type\":\"SearchAction\",\"target\":{\"@type\":\"EntryPoint\",\"urlTemplate\":\"https:\/\/rzsre.com\/?s={search_term_string}\"},\"query-input\":{\"@type\":\"PropertyValueSpecification\",\"valueRequired\":true,\"valueName\":\"search_term_string\"}}],\"inLanguage\":\"en-US\"},{\"@type\":\"Organization\",\"@id\":\"https:\/\/rzsre.com\/#organization\",\"name\":\"RZS Real State\",\"url\":\"https:\/\/rzsre.com\/\",\"logo\":{\"@type\":\"ImageObject\",\"inLanguage\":\"en-US\",\"@id\":\"https:\/\/rzsre.com\/#\/schema\/logo\/image\/\",\"url\":\"https:\/\/rzsre.com\/wp-content\/uploads\/2019\/07\/favicon-rozas.png\",\"contentUrl\":\"https:\/\/rzsre.com\/wp-content\/uploads\/2019\/07\/favicon-rozas.png\",\"width\":512,\"height\":512,\"caption\":\"RZS Real State\"},\"image\":{\"@id\":\"https:\/\/rzsre.com\/#\/schema\/logo\/image\/\"}}]}<\/script>\n<!-- \/ Yoast SEO plugin. -->","yoast_head_json":{"title":"private_area - RZS","description":"RZS es una promotora espa\u00f1ola especializada en desarrollos inmobiliarios, inversi\u00f3n y gesti\u00f3n de activos.","robots":{"index":"index","follow":"follow","max-snippet":"max-snippet:-1","max-image-preview":"max-image-preview:large","max-video-preview":"max-video-preview:-1"},"canonical":"https:\/\/rzsre.com\/en\/private_area\/","og_locale":"en_US","og_type":"article","og_title":"private_area - RZS","og_description":"RZS es una promotora espa\u00f1ola especializada en desarrollos inmobiliarios, inversi\u00f3n y gesti\u00f3n de activos.","og_url":"https:\/\/rzsre.com\/en\/private_area\/","og_site_name":"RZS","article_modified_time":"2020-06-09T15:25:05+00:00","og_image":[{"url":"https:\/\/rzsre.com\/wp-content\/uploads\/2019\/08\/rzs-logo.png"}],"twitter_card":"summary_large_image","schema":{"@context":"https:\/\/schema.org","@graph":[{"@type":"WebPage","@id":"https:\/\/rzsre.com\/en\/private_area\/","url":"https:\/\/rzsre.com\/en\/private_area\/","name":"private_area - RZS","isPartOf":{"@id":"https:\/\/rzsre.com\/#website"},"primaryImageOfPage":{"@id":"https:\/\/rzsre.com\/en\/private_area\/#primaryimage"},"image":{"@id":"https:\/\/rzsre.com\/en\/private_area\/#primaryimage"},"thumbnailUrl":"https:\/\/rzsre.com\/wp-content\/uploads\/2019\/08\/rzs-logo.png","datePublished":"2020-05-01T12:35:38+00:00","dateModified":"2020-06-09T15:25:05+00:00","description":"RZS es una promotora espa\u00f1ola especializada en desarrollos inmobiliarios, inversi\u00f3n y gesti\u00f3n de activos.","breadcrumb":{"@id":"https:\/\/rzsre.com\/en\/private_area\/#breadcrumb"},"inLanguage":"en-US","potentialAction":[{"@type":"ReadAction","target":["https:\/\/rzsre.com\/en\/private_area\/"]}]},{"@type":"ImageObject","inLanguage":"en-US","@id":"https:\/\/rzsre.com\/en\/private_area\/#primaryimage","url":"https:\/\/rzsre.com\/wp-content\/uploads\/2019\/08\/rzs-logo.png","contentUrl":"https:\/\/rzsre.com\/wp-content\/uploads\/2019\/08\/rzs-logo.png"},{"@type":"BreadcrumbList","@id":"https:\/\/rzsre.com\/en\/private_area\/#breadcrumb","itemListElement":[{"@type":"ListItem","position":1,"name":"RZS Inicio","item":"https:\/\/rzsre.com\/en\/"},{"@type":"ListItem","position":2,"name":"private_area"}]},{"@type":"WebSite","@id":"https:\/\/rzsre.com\/#website","url":"https:\/\/rzsre.com\/","name":"RZS","description":"Real Estate","publisher":{"@id":"https:\/\/rzsre.com\/#organization"},"potentialAction":[{"@type":"SearchAction","target":{"@type":"EntryPoint","urlTemplate":"https:\/\/rzsre.com\/?s={search_term_string}"},"query-input":{"@type":"PropertyValueSpecification","valueRequired":true,"valueName":"search_term_string"}}],"inLanguage":"en-US"},{"@type":"Organization","@id":"https:\/\/rzsre.com\/#organization","name":"RZS Real State","url":"https:\/\/rzsre.com\/","logo":{"@type":"ImageObject","inLanguage":"en-US","@id":"https:\/\/rzsre.com\/#\/schema\/logo\/image\/","url":"https:\/\/rzsre.com\/wp-content\/uploads\/2019\/07\/favicon-rozas.png","contentUrl":"https:\/\/rzsre.com\/wp-content\/uploads\/2019\/07\/favicon-rozas.png","width":512,"height":512,"caption":"RZS Real State"},"image":{"@id":"https:\/\/rzsre.com\/#\/schema\/logo\/image\/"}}]}},"_links":{"self":[{"href":"https:\/\/rzsre.com\/en\/wp-json\/wp\/v2\/pages\/5221"}],"collection":[{"href":"https:\/\/rzsre.com\/en\/wp-json\/wp\/v2\/pages"}],"about":[{"href":"https:\/\/rzsre.com\/en\/wp-json\/wp\/v2\/types\/page"}],"author":[{"embeddable":true,"href":"https:\/\/rzsre.com\/en\/wp-json\/wp\/v2\/users\/1"}],"replies":[{"embeddable":true,"href":"https:\/\/rzsre.com\/en\/wp-json\/wp\/v2\/comments?post=5221"}],"version-history":[{"count":66,"href":"https:\/\/rzsre.com\/en\/wp-json\/wp\/v2\/pages\/5221\/revisions"}],"predecessor-version":[{"id":5583,"href":"https:\/\/rzsre.com\/en\/wp-json\/wp\/v2\/pages\/5221\/revisions\/5583"}],"wp:attachment":[{"href":"https:\/\/rzsre.com\/en\/wp-json\/wp\/v2\/media?parent=5221"}],"curies":[{"name":"wp","href":"https:\/\/api.w.org\/{rel}","templated":true}]}}